{"id":2,"date":"2022-02-04T17:35:40","date_gmt":"2022-02-04T16:35:40","guid":{"rendered":"http:\/\/greenlab.africa\/?page_id=2"},"modified":"2025-10-29T18:12:07","modified_gmt":"2025-10-29T17:12:07","slug":"page-d-exemple","status":"publish","type":"page","link":"https:\/\/greenlab.africa\/?page_id=2","title":{"rendered":"Services de Design V\u00e9g\u00e9tal Personnalis\u00e9s"},"content":{"rendered":"\n<blockquote class=\"wp-block-quote is-layout-flow wp-block-quote-is-layout-flow\">\n<p>Vous \u00eates <strong>architecte, d\u00e9corateur, marque ou entreprise<\/strong> ?<br>Greenlab vous accompagne d\u00e8s la phase de conception pour int\u00e9grer le v\u00e9g\u00e9tal dans votre projet :<\/p>\n\n\n\n<ul class=\"wp-block-list\">\n<li>\u00c9tude technique et s\u00e9lection des essences.<\/li>\n\n\n\n<li>Design d\u2019int\u00e9gration et choix des mat\u00e9riaux.<\/li>\n\n\n\n<li>Installation, suivi et maintenance.<\/li>\n<\/ul>\n<\/blockquote>\n\n\n\n<p><em>Du croquis \u00e0 la mise en sc\u00e8ne, nous donnons vie \u00e0 votre vision.<\/em><\/p>\n\n\n\n<h2 class=\"wp-block-heading\"><strong>Nos services compl\u00e9mentaires<\/strong><\/h2>\n\n\n\n<blockquote class=\"wp-block-quote is-layout-flow wp-block-quote-is-layout-flow\">\n<ul class=\"wp-block-list\">\n<li><strong>Conseil en strat\u00e9gie v\u00e9g\u00e9tale<\/strong> pour marques et promoteurs immobiliers.<\/li>\n\n\n\n<li><strong>Design sur mesure<\/strong> d\u2019espaces verts pour salons, expositions, \u00e9v\u00e9nements.<\/li>\n\n\n\n<li><strong>Maintenance et entretien<\/strong> de murs et mobiliers v\u00e9g\u00e9taux.<\/li>\n<\/ul>\n<\/blockquote>\n\n\n\n<p><\/p>\n","protected":false},"excerpt":{"rendered":"<p>Du croquis \u00e0 la mise en sc\u00e8ne, nous donnons vie \u00e0 votre vision. Nos services compl\u00e9mentaires<\/p>\n","protected":false},"author":1,"featured_media":132,"parent":0,"menu_order":0,"comment_status":"closed","ping_status":"open","template":"","meta":{"footnotes":""},"class_list":["post-2","page","type-page","status-publish","has-post-thumbnail","hentry"],"jetpack-related-posts":[],"jetpack_sharing_enabled":true,"_links":{"self":[{"href":"https:\/\/greenlab.africa\/index.php?rest_route=\/wp\/v2\/pages\/2","targetHints":{"allow":["GET"]}}],"collection":[{"href":"https:\/\/greenlab.africa\/index.php?rest_route=\/wp\/v2\/pages"}],"about":[{"href":"https:\/\/greenlab.africa\/index.php?rest_route=\/wp\/v2\/types\/page"}],"author":[{"embeddable":true,"href":"https:\/\/greenlab.africa\/index.php?rest_route=\/wp\/v2\/users\/1"}],"replies":[{"embeddable":true,"href":"https:\/\/greenlab.africa\/index.php?rest_route=%2Fwp%2Fv2%2Fcomments&post=2"}],"version-history":[{"count":2,"href":"https:\/\/greenlab.africa\/index.php?rest_route=\/wp\/v2\/pages\/2\/revisions"}],"predecessor-version":[{"id":133,"href":"https:\/\/greenlab.africa\/index.php?rest_route=\/wp\/v2\/pages\/2\/revisions\/133"}],"wp:featuredmedia":[{"embeddable":true,"href":"https:\/\/greenlab.africa\/index.php?rest_route=\/wp\/v2\/media\/132"}],"wp:attachment":[{"href":"https:\/\/greenlab.africa\/index.php?rest_route=%2Fwp%2Fv2%2Fmedia&parent=2"}],"curies":[{"name":"wp","href":"https:\/\/api.w.org\/{rel}","templated":true}]}}